{"id":46,"date":"2021-01-06T21:05:02","date_gmt":"2021-01-06T21:05:02","guid":{"rendered":"http:\/\/www.derecho.utalca.cl\/?page_id=46"},"modified":"2025-04-07T20:10:53","modified_gmt":"2025-04-07T20:10:53","slug":"clinica-juridica","status":"publish","type":"page","link":"https:\/\/www.derecho.utalca.cl\/?page_id=46","title":{"rendered":"Cl\u00ednica Jur\u00eddica Formativa"},"content":{"rendered":"<p>El enfoque actual de la Cl\u00ednica Jur\u00eddica Formativa pone el acento en la realizaci\u00f3n de actividades que permitan al estudiante poner en pr\u00e1ctica aquellos conocimientos te\u00f3ricos que ha adquirido durante los cuatro primeros a\u00f1os de la carrera, funci\u00f3n formativa que, desde luego, no olvida la responsabilidad social que cumple la Universidad de Talca a trav\u00e9s de la Cl\u00ednica.<\/p>\n<p>Se busca brindar a las personas de escasos recursos que se ven en la necesidad de recurrir a la Justicia, un servicio profesional digno y de calidad. La justificaci\u00f3n de la Cl\u00ednica Jur\u00eddica Formativa se refuerza en el contexto del nuevo sistema curricular que apuesta por una formaci\u00f3n basada en el desarrollo de competencias, que desde el a\u00f1o 2006 distingue a la Universidad de Talca de sus pares y que impone un sistema de formaci\u00f3n que sustentado en un cabal conocimiento de las instituciones jur\u00eddicas exige adem\u00e1s un aprendizaje pr\u00e1ctico por parte de los alumnos, al cual nuestra Cl\u00ednica sirve con protagonismo.<\/p>\n<p><strong>Actividades que desarrollan los estudiantes:<\/strong><\/p>\n<p>A nuestros estudiantes se les asignan asuntos que deben tramitar bajo la supervisi\u00f3n directa de un abogado tutor. Las materias sobre las que versan dichos asuntos son variadas: alimentos, tercer\u00edas en juicios ejecutivos, medidas de protecci\u00f3n, demandas ordinarias, interdicciones, divorcios, denuncias de violencia intrafamiliar, asuntos no contenciosos (solicitudes de cambio de nombre), etc.<\/p>\n<p>Trat\u00e1ndose de actuaciones orales previstas en algunos procedimientos en todos los casos el estudiante es acompa\u00f1ado por su abogado tutor. De ese modo, el estudiante recibe de inmediato la retroalimentaci\u00f3n necesaria para corregir su desempe\u00f1o actuaciones futuras o bien para mantener aquellos que ha venido realizando de un modo adecuado. Los estudiantes deben asistir semanalmente a sesiones de estrategia judicial realizadas por abogados experimentados de la plaza. En dichas sesiones se adiestra a los alumnos en el abordaje estrat\u00e9gico de casos reales o simulados. Igualmente, los alumnos deben realizar una pasant\u00eda en tribunales por un lapso de cuatro semanas, lo que les permitir\u00e1 conocer por dentro el funcionamiento de un tribunal, valorando de mejor modo la tarea jurisdiccional.<\/p>\n<p><strong>Cl\u00ednica Jur\u00eddica Formativa de Talca<\/strong><\/p>\n<p><strong>Directora:<\/strong><br \/>\nMg. Daniela Rojas Ram\u00edrez<br \/>\ndarojas@utalca.cl<br \/>\nAnexo: 3118<\/p>\n<p><strong>Abogadas Tutoras<\/strong><br aria-hidden=\"true\" \/>B\u00e9lgica Cantero Hern\u00e1ndez\/ belgica.cantero@utalca.cl<br \/>\nMacarena Meirelles Moraga\/<br aria-hidden=\"true\" \/>Anexo: 3119<\/p>\n<p><strong>Asistentes de la Cl\u00ednica Jur\u00eddica<\/strong><br aria-hidden=\"true\" \/>Pamela Arellano Tejos<br aria-hidden=\"true\" \/>71-2225100<br \/>\nAnexo: 7666<br aria-hidden=\"true\" \/>parellano@utalca.cl<br \/>\n<strong><br \/>\nDirecci\u00f3n:<\/strong><br \/>\n1 Poniente 2 Norte #1293 esquina<\/p>\n<p><strong>Horarios de atenci\u00f3n de p\u00fablico:<\/strong><br aria-hidden=\"true\" \/>Lunes a viernes 09:30 a 13:00 horas<br aria-hidden=\"true\" \/>Lunes a jueves 14:30 a 16:00 horas<\/p>\n<p>&nbsp;<\/p>\n<p><strong>Cl\u00ednica Jur\u00eddica Formativa Santiago<\/strong><\/p>\n<p><strong>Director:<\/strong><br \/>\nMg. Bhernny Fleming Soto<br \/>\nbfleming@utalca.cl<\/p>\n<p><strong>Abogados Tutores<\/strong><br aria-hidden=\"true\" \/>Miguel Garc\u00e9s Riveros\/ miguel.garces@utalca.cl<br \/>\nValentina Bernal N\u00fa\u00f1ez\/<\/p>\n<p><strong>Profesor abogado sesiones de Estrategia Judicial<\/strong><br aria-hidden=\"true\" \/>Daniel Gallardo Araya<\/p>\n<p><strong>Direcci\u00f3n cl\u00ednica:\u00a0<\/strong><br \/>\nQuebec N\u00b0 415, Tercer piso, Providencia, Santiago<\/p>\n<p><strong>Horario de atenci\u00f3n de p\u00fablico:\u00a0<\/strong><br \/>\nLunes a jueves: 09:30 a 13:00 horas<\/p>\n<p><strong>Asistente de la Cl\u00ednica Jur\u00eddica<\/strong><br aria-hidden=\"true\" \/>Ana Mar\u00eda Ibarra<br aria-hidden=\"true\" \/>Fono: 224148352<br \/>\nAnexo 6052<br aria-hidden=\"true\" \/>anibarra@utalca.cl<\/p>\n","protected":false},"excerpt":{"rendered":"<p>El enfoque actual de la Cl\u00ednica Jur\u00eddica Formativa pone el acento en la realizaci\u00f3n de actividades que permitan al estudiante [&hellip;]<\/p>\n","protected":false},"author":1,"featured_media":0,"parent":0,"menu_order":0,"comment_status":"closed","ping_status":"closed","template":"page-clinica.php","meta":[],"yoast_head":"<!-- This site is optimized with the Yoast SEO plugin v16.7 - https:\/\/yoast.com\/wordpress\/plugins\/seo\/ -->\n<meta name=\"robots\" content=\"noindex, follow, max-snippet:-1, max-image-preview:large, max-video-preview:-1\" \/>\n<meta property=\"og:locale\" content=\"es_ES\" \/>\n<meta property=\"og:type\" content=\"article\" \/>\n<meta property=\"og:title\" content=\"Cl\u00ednica Jur\u00eddica Formativa - Escuela de Derecho\" \/>\n<meta property=\"og:description\" content=\"El enfoque actual de la Cl\u00ednica Jur\u00eddica Formativa pone el acento en la realizaci\u00f3n de actividades que permitan al estudiante [&hellip;]\" \/>\n<meta property=\"og:url\" content=\"https:\/\/www.derecho.utalca.cl\/?page_id=46\" \/>\n<meta property=\"og:site_name\" content=\"Escuela de Derecho\" \/>\n<meta property=\"article:modified_time\" content=\"2025-04-07T20:10:53+00:00\" \/>\n<meta name=\"twitter:card\" content=\"summary_large_image\" \/>\n<meta name=\"twitter:label1\" content=\"Tiempo de lectura\" \/>\n\t<meta name=\"twitter:data1\" content=\"3 minutos\" \/>\n<script type=\"application\/ld+json\" class=\"yoast-schema-graph\">{\"@context\":\"https:\/\/schema.org\",\"@graph\":[{\"@type\":\"WebSite\",\"@id\":\"https:\/\/www.derecho.utalca.cl\/#website\",\"url\":\"https:\/\/www.derecho.utalca.cl\/\",\"name\":\"Escuela de Derecho\",\"description\":\"Universidad de Talca\",\"potentialAction\":[{\"@type\":\"SearchAction\",\"target\":{\"@type\":\"EntryPoint\",\"urlTemplate\":\"https:\/\/www.derecho.utalca.cl\/?s={search_term_string}\"},\"query-input\":\"required name=search_term_string\"}],\"inLanguage\":\"es\"},{\"@type\":\"WebPage\",\"@id\":\"https:\/\/www.derecho.utalca.cl\/?page_id=46#webpage\",\"url\":\"https:\/\/www.derecho.utalca.cl\/?page_id=46\",\"name\":\"Cl\\u00ednica Jur\\u00eddica Formativa - Escuela de Derecho\",\"isPartOf\":{\"@id\":\"https:\/\/www.derecho.utalca.cl\/#website\"},\"datePublished\":\"2021-01-06T21:05:02+00:00\",\"dateModified\":\"2025-04-07T20:10:53+00:00\",\"breadcrumb\":{\"@id\":\"https:\/\/www.derecho.utalca.cl\/?page_id=46#breadcrumb\"},\"inLanguage\":\"es\",\"potentialAction\":[{\"@type\":\"ReadAction\",\"target\":[\"https:\/\/www.derecho.utalca.cl\/?page_id=46\"]}]},{\"@type\":\"BreadcrumbList\",\"@id\":\"https:\/\/www.derecho.utalca.cl\/?page_id=46#breadcrumb\",\"itemListElement\":[{\"@type\":\"ListItem\",\"position\":1,\"name\":\"Portada\",\"item\":\"https:\/\/www.derecho.utalca.cl\/\"},{\"@type\":\"ListItem\",\"position\":2,\"name\":\"Cl\\u00ednica Jur\\u00eddica Formativa\"}]}]}<\/script>\n<!-- \/ Yoast SEO plugin. -->","yoast_head_json":{"robots":{"index":"noindex","follow":"follow","max-snippet":"max-snippet:-1","max-image-preview":"max-image-preview:large","max-video-preview":"max-video-preview:-1"},"og_locale":"es_ES","og_type":"article","og_title":"Cl\u00ednica Jur\u00eddica Formativa - Escuela de Derecho","og_description":"El enfoque actual de la Cl\u00ednica Jur\u00eddica Formativa pone el acento en la realizaci\u00f3n de actividades que permitan al estudiante [&hellip;]","og_url":"https:\/\/www.derecho.utalca.cl\/?page_id=46","og_site_name":"Escuela de Derecho","article_modified_time":"2025-04-07T20:10:53+00:00","twitter_card":"summary_large_image","twitter_misc":{"Tiempo de lectura":"3 minutos"},"schema":{"@context":"https:\/\/schema.org","@graph":[{"@type":"WebSite","@id":"https:\/\/www.derecho.utalca.cl\/#website","url":"https:\/\/www.derecho.utalca.cl\/","name":"Escuela de Derecho","description":"Universidad de Talca","potentialAction":[{"@type":"SearchAction","target":{"@type":"EntryPoint","urlTemplate":"https:\/\/www.derecho.utalca.cl\/?s={search_term_string}"},"query-input":"required name=search_term_string"}],"inLanguage":"es"},{"@type":"WebPage","@id":"https:\/\/www.derecho.utalca.cl\/?page_id=46#webpage","url":"https:\/\/www.derecho.utalca.cl\/?page_id=46","name":"Cl\u00ednica Jur\u00eddica Formativa - Escuela de Derecho","isPartOf":{"@id":"https:\/\/www.derecho.utalca.cl\/#website"},"datePublished":"2021-01-06T21:05:02+00:00","dateModified":"2025-04-07T20:10:53+00:00","breadcrumb":{"@id":"https:\/\/www.derecho.utalca.cl\/?page_id=46#breadcrumb"},"inLanguage":"es","potentialAction":[{"@type":"ReadAction","target":["https:\/\/www.derecho.utalca.cl\/?page_id=46"]}]},{"@type":"BreadcrumbList","@id":"https:\/\/www.derecho.utalca.cl\/?page_id=46#breadcrumb","itemListElement":[{"@type":"ListItem","position":1,"name":"Portada","item":"https:\/\/www.derecho.utalca.cl\/"},{"@type":"ListItem","position":2,"name":"Cl\u00ednica Jur\u00eddica Formativa"}]}]}},"_links":{"self":[{"href":"https:\/\/www.derecho.utalca.cl\/index.php?rest_route=\/wp\/v2\/pages\/46"}],"collection":[{"href":"https:\/\/www.derecho.utalca.cl\/index.php?rest_route=\/wp\/v2\/pages"}],"about":[{"href":"https:\/\/www.derecho.utalca.cl\/index.php?rest_route=\/wp\/v2\/types\/page"}],"author":[{"embeddable":true,"href":"https:\/\/www.derecho.utalca.cl\/index.php?rest_route=\/wp\/v2\/users\/1"}],"replies":[{"embeddable":true,"href":"https:\/\/www.derecho.utalca.cl\/index.php?rest_route=%2Fwp%2Fv2%2Fcomments&post=46"}],"version-history":[{"count":36,"href":"https:\/\/www.derecho.utalca.cl\/index.php?rest_route=\/wp\/v2\/pages\/46\/revisions"}],"predecessor-version":[{"id":2055,"href":"https:\/\/www.derecho.utalca.cl\/index.php?rest_route=\/wp\/v2\/pages\/46\/revisions\/2055"}],"wp:attachment":[{"href":"https:\/\/www.derecho.utalca.cl\/index.php?rest_route=%2Fwp%2Fv2%2Fmedia&parent=46"}],"curies":[{"name":"wp","href":"https:\/\/api.w.org\/{rel}","templated":true}]}}