{"id":49,"date":"2021-01-06T21:05:15","date_gmt":"2021-01-06T21:05:15","guid":{"rendered":"http:\/\/www.derecho.utalca.cl\/?page_id=49"},"modified":"2025-09-30T15:14:38","modified_gmt":"2025-09-30T15:14:38","slug":"admision","status":"publish","type":"page","link":"https:\/\/www.derecho.utalca.cl\/?page_id=49","title":{"rendered":"Admisi\u00f3n"},"content":{"rendered":"<p><strong>Carrera de Derecho en la Facultad de Ciencias Jur\u00eddicas y Sociales UTalca<\/strong><\/p>\n<p>Campus Talca: Avenida Lircay S\/N<\/p>\n<p><strong>Perfil de egreso<\/strong><\/p>\n<div class=\"elementor-element elementor-element-3e9a267b elementor-widget__width-initial elementor-widget-mobile__width-inherit elementor-widget elementor-widget-text-editor animated fadeIn\" data-id=\"3e9a267b\" data-element_type=\"widget\" data-settings=\"{&quot;_animation&quot;:&quot;fadeIn&quot;,&quot;_animation_tablet&quot;:&quot;none&quot;,&quot;_animation_mobile&quot;:&quot;none&quot;,&quot;_animation_delay&quot;:200}\" data-widget_type=\"text-editor.default\">\n<div class=\"elementor-widget-container\">\n<p>Los estudiantes que hayan obtenido la Licenciatura en Ciencias Jur\u00eddicas por la Universidad de Talca ser\u00e1n capaces de representar judicial y extrajudicialmente diversos intereses para solucionar conflictos jur\u00eddicos y prestar asesor\u00eda jur\u00eddica a personas u organismos, para prevenir o dar soluci\u00f3n a los mismos. Para ello, ser\u00e1n capaces de movilizar en \u00e1mbitos de desempe\u00f1o profesional los conceptos dogm\u00e1ticos y las categor\u00edas fundamentales de las ciencias jur\u00eddicas, los principios generales e instituciones esenciales del sistema normativo y las diversas fuentes de las principales disciplinas jur\u00eddicas.<\/p>\n<\/div>\n<\/div>\n<p><strong>Grado<\/strong><\/p>\n<p>Esta carrera otorga el grado acad\u00e9mico de Licenciado\/a en Ciencias Jur\u00eddicas.<\/p>\n<p><strong>T\u00edtulo<br \/>\n<\/strong><br \/>\nEl t\u00edtulo de abogado\/a lo confiere la Excma. Corte Suprema de Justicia.<\/p>\n<p><strong>Prop\u00f3sito de la formaci\u00f3n<\/strong><\/p>\n<p>La carrera de Derecho de la Universidad de Talca prepara profesionales que combinan una s\u00f3lida formaci\u00f3n te\u00f3rica con el desarrollo de destrezas y habilidades pr\u00e1cticas para el ejercicio de su profesi\u00f3n. Poseen un conocimiento sistem\u00e1tico de los principios generales e instituciones esenciales del Derecho y son capaces de analizar, argumentar, razonar y resolver problemas jur\u00eddicos, considerando la perspectiva \u00e9tica y social. Cuentan con las competencias profesionales indispensables para desempe\u00f1arse en la representaci\u00f3n judicial y extrajudicial, de intereses p\u00fablicos y privados, y en la asesor\u00eda jur\u00eddica, en relaci\u00f3n a los mismos intereses. Adem\u00e1s, son capaces de comunicarse eficazmente e interactuar con otros, comprender el mundo y la sociedad en que viven y demostrar compromiso social y ciudadano.<\/p>\n<p><strong>\u00bfPor qu\u00e9 estudiar Derecho en la UTALCA?<\/strong><\/p>\n<p>La Escuela tiene una trayectoria y prestigio que data desde su inicio en 1992. La Escuela otorga una formaci\u00f3n s\u00f3lida, integral y acabada mediante un cuerpo docente integrado por profesores postgraduados en prestigiosos centros de estudios nacionales y extranjeros, quienes se apoyan para su ense\u00f1anza en tecnolog\u00edas, bibliotecas e instalaciones apropiadas para el aprendizaje e investigaci\u00f3n de sus estudiantes.<\/p>\n<p>La Facultad de Ciencias Jur\u00eddicas y Sociales posee gran prestigio que se extiende a sus alumnos\/as y exalumnos\/as, lo que atestigua la seriedad de nuestro compromiso docente y formativo con la comunidad, la regi\u00f3n y el pa\u00eds. Brinda acceso a pasant\u00edas en tribunales e instituciones p\u00fablicas y privadas. Posee tres publicaciones de prestigio nacional e internacional: revistas Ius et Praxis, Estudios Constitucionales y Pol\u00edtica Criminal.<\/p>\n<p>Tiene una Cl\u00ednica Jur\u00eddica Formativa, donde los alumnos desarrollan destrezas y habilidades pr\u00e1cticas de litigaci\u00f3n, mediante la defensa de personas ante los tribunales de Justicia, adem\u00e1s de la realizaci\u00f3n de pasant\u00edas en tribunales y sesiones de estrategia judicial.<\/p>\n<p>Posee una infraestructura adecuada y funcional a requerimientos de la Carrera (salas de litigaci\u00f3n oral, salas de estudios y laboratorio computacional).<br \/>\nMantiene convenios con instituciones acad\u00e9micas de excelencia a nivel internacional para la realizaci\u00f3n de pasant\u00edas y movilidad estudiantil.<br \/>\nDestaca como la 5ta en el pa\u00eds en mayor n\u00famero de egresados de la academia judicial.<\/p>\n<p>Se encuentra en el s\u00e9ptimo lugar a nivel nacional en el ranking de calidad elaborado por la revista Am\u00e9rica y Econom\u00eda (2016).<\/p>\n<p><strong>Malla curricular\u00a0<\/strong><\/p>\n<p><a href=\"https:\/\/admision.utalca.cl\/wp-content\/uploads\/2025\/09\/Derecho-1.pdf\">Plan de estudios Derecho<\/a><\/p>\n","protected":false},"excerpt":{"rendered":"<p>Carrera de Derecho en la Facultad de Ciencias Jur\u00eddicas y Sociales UTalca Campus Talca: Avenida Lircay S\/N Perfil de egreso [&hellip;]<\/p>\n","protected":false},"author":1,"featured_media":0,"parent":0,"menu_order":0,"comment_status":"closed","ping_status":"closed","template":"page-admision.php","meta":[],"yoast_head":"<!-- This site is optimized with the Yoast SEO plugin v16.7 - https:\/\/yoast.com\/wordpress\/plugins\/seo\/ -->\n<meta name=\"robots\" content=\"noindex, follow, max-snippet:-1, max-image-preview:large, max-video-preview:-1\" \/>\n<meta property=\"og:locale\" content=\"es_ES\" \/>\n<meta property=\"og:type\" content=\"article\" \/>\n<meta property=\"og:title\" content=\"Admisi\u00f3n - Escuela de Derecho\" \/>\n<meta property=\"og:description\" content=\"Carrera de Derecho en la Facultad de Ciencias Jur\u00eddicas y Sociales UTalca Campus Talca: Avenida Lircay S\/N Perfil de egreso [&hellip;]\" \/>\n<meta property=\"og:url\" content=\"https:\/\/www.derecho.utalca.cl\/?page_id=49\" \/>\n<meta property=\"og:site_name\" content=\"Escuela de Derecho\" \/>\n<meta property=\"article:modified_time\" content=\"2025-09-30T15:14:38+00:00\" \/>\n<meta name=\"twitter:card\" content=\"summary_large_image\" \/>\n<meta name=\"twitter:label1\" content=\"Tiempo de lectura\" \/>\n\t<meta name=\"twitter:data1\" content=\"3 minutos\" \/>\n<script type=\"application\/ld+json\" class=\"yoast-schema-graph\">{\"@context\":\"https:\/\/schema.org\",\"@graph\":[{\"@type\":\"WebSite\",\"@id\":\"https:\/\/www.derecho.utalca.cl\/#website\",\"url\":\"https:\/\/www.derecho.utalca.cl\/\",\"name\":\"Escuela de Derecho\",\"description\":\"Universidad de Talca\",\"potentialAction\":[{\"@type\":\"SearchAction\",\"target\":{\"@type\":\"EntryPoint\",\"urlTemplate\":\"https:\/\/www.derecho.utalca.cl\/?s={search_term_string}\"},\"query-input\":\"required name=search_term_string\"}],\"inLanguage\":\"es\"},{\"@type\":\"WebPage\",\"@id\":\"https:\/\/www.derecho.utalca.cl\/?page_id=49#webpage\",\"url\":\"https:\/\/www.derecho.utalca.cl\/?page_id=49\",\"name\":\"Admisi\\u00f3n - Escuela de Derecho\",\"isPartOf\":{\"@id\":\"https:\/\/www.derecho.utalca.cl\/#website\"},\"datePublished\":\"2021-01-06T21:05:15+00:00\",\"dateModified\":\"2025-09-30T15:14:38+00:00\",\"breadcrumb\":{\"@id\":\"https:\/\/www.derecho.utalca.cl\/?page_id=49#breadcrumb\"},\"inLanguage\":\"es\",\"potentialAction\":[{\"@type\":\"ReadAction\",\"target\":[\"https:\/\/www.derecho.utalca.cl\/?page_id=49\"]}]},{\"@type\":\"BreadcrumbList\",\"@id\":\"https:\/\/www.derecho.utalca.cl\/?page_id=49#breadcrumb\",\"itemListElement\":[{\"@type\":\"ListItem\",\"position\":1,\"name\":\"Portada\",\"item\":\"https:\/\/www.derecho.utalca.cl\/\"},{\"@type\":\"ListItem\",\"position\":2,\"name\":\"Admisi\\u00f3n\"}]}]}<\/script>\n<!-- \/ Yoast SEO plugin. -->","yoast_head_json":{"robots":{"index":"noindex","follow":"follow","max-snippet":"max-snippet:-1","max-image-preview":"max-image-preview:large","max-video-preview":"max-video-preview:-1"},"og_locale":"es_ES","og_type":"article","og_title":"Admisi\u00f3n - Escuela de Derecho","og_description":"Carrera de Derecho en la Facultad de Ciencias Jur\u00eddicas y Sociales UTalca Campus Talca: Avenida Lircay S\/N Perfil de egreso [&hellip;]","og_url":"https:\/\/www.derecho.utalca.cl\/?page_id=49","og_site_name":"Escuela de Derecho","article_modified_time":"2025-09-30T15:14:38+00:00","twitter_card":"summary_large_image","twitter_misc":{"Tiempo de lectura":"3 minutos"},"schema":{"@context":"https:\/\/schema.org","@graph":[{"@type":"WebSite","@id":"https:\/\/www.derecho.utalca.cl\/#website","url":"https:\/\/www.derecho.utalca.cl\/","name":"Escuela de Derecho","description":"Universidad de Talca","potentialAction":[{"@type":"SearchAction","target":{"@type":"EntryPoint","urlTemplate":"https:\/\/www.derecho.utalca.cl\/?s={search_term_string}"},"query-input":"required name=search_term_string"}],"inLanguage":"es"},{"@type":"WebPage","@id":"https:\/\/www.derecho.utalca.cl\/?page_id=49#webpage","url":"https:\/\/www.derecho.utalca.cl\/?page_id=49","name":"Admisi\u00f3n - Escuela de Derecho","isPartOf":{"@id":"https:\/\/www.derecho.utalca.cl\/#website"},"datePublished":"2021-01-06T21:05:15+00:00","dateModified":"2025-09-30T15:14:38+00:00","breadcrumb":{"@id":"https:\/\/www.derecho.utalca.cl\/?page_id=49#breadcrumb"},"inLanguage":"es","potentialAction":[{"@type":"ReadAction","target":["https:\/\/www.derecho.utalca.cl\/?page_id=49"]}]},{"@type":"BreadcrumbList","@id":"https:\/\/www.derecho.utalca.cl\/?page_id=49#breadcrumb","itemListElement":[{"@type":"ListItem","position":1,"name":"Portada","item":"https:\/\/www.derecho.utalca.cl\/"},{"@type":"ListItem","position":2,"name":"Admisi\u00f3n"}]}]}},"_links":{"self":[{"href":"https:\/\/www.derecho.utalca.cl\/index.php?rest_route=\/wp\/v2\/pages\/49"}],"collection":[{"href":"https:\/\/www.derecho.utalca.cl\/index.php?rest_route=\/wp\/v2\/pages"}],"about":[{"href":"https:\/\/www.derecho.utalca.cl\/index.php?rest_route=\/wp\/v2\/types\/page"}],"author":[{"embeddable":true,"href":"https:\/\/www.derecho.utalca.cl\/index.php?rest_route=\/wp\/v2\/users\/1"}],"replies":[{"embeddable":true,"href":"https:\/\/www.derecho.utalca.cl\/index.php?rest_route=%2Fwp%2Fv2%2Fcomments&post=49"}],"version-history":[{"count":22,"href":"https:\/\/www.derecho.utalca.cl\/index.php?rest_route=\/wp\/v2\/pages\/49\/revisions"}],"predecessor-version":[{"id":2137,"href":"https:\/\/www.derecho.utalca.cl\/index.php?rest_route=\/wp\/v2\/pages\/49\/revisions\/2137"}],"wp:attachment":[{"href":"https:\/\/www.derecho.utalca.cl\/index.php?rest_route=%2Fwp%2Fv2%2Fmedia&parent=49"}],"curies":[{"name":"wp","href":"https:\/\/api.w.org\/{rel}","templated":true}]}}